{"id":20,"date":"2020-11-10T14:32:51","date_gmt":"2020-11-10T14:32:51","guid":{"rendered":"http:\/\/edubits.eu\/digitee\/?page_id=20"},"modified":"2020-12-15T06:36:30","modified_gmt":"2020-12-15T06:36:30","slug":"woordreeksen","status":"publish","type":"page","link":"http:\/\/edubits.eu\/digitee\/woordreeksen\/","title":{"rendered":"Woordreeksen"},"content":{"rendered":"\n\n\t<h1>\n\t\t\t\t\tWoordreeksen\n\t\t\t\t<\/h1>\n\t<p>Alle woordpakketten kan je bekijken. Klik hiervoor op de rode links.<\/p>\n\n\n\n1. Gedekte klinker &#8216;a&#8217; in gesloten lettergreep<br \/>\n2. Gedekte klinker &#8216;e&#8217; in gesloten lettergreep<br \/>\n3. Gedekte klinker &#8216;i&#8217; in gesloten lettergreep<br \/>\n4. Gedekte klinker &#8216;o&#8217; in gesloten lettergreep<br \/>\n5. Gedekte klinker &#8216;u&#8217; in gesloten lettergreep<br \/>\n6. Vrije klinker &#8216;aa&#8217; in gesloten lettergreep<br \/>\n7. Vrije klinker &#8216;ee&#8217; in gesloten lettergreep<br \/>\n8. Vrije klinker &#8216;oo&#8217; in gesloten lettergreep<br \/>\n9. Vrije klinker &#8216;uu&#8217; in gesloten lettergreep<br \/>\n10. Vrije klinker &#8216;ie&#8217; in gesloten lettergreep<br \/>\n11. Vrije klinker &#8216;oe&#8217; in gesloten lettergreep<br \/>\n12. Vrije klinker &#8216;eu&#8217; in gesloten lettergreep<br \/>\n13. Vrije klinker &#8216;ee&#8217; aan het einde van een woord<br \/>\n14. Doffe klinker in open lettergreep<br \/>\n15. Tweeklank &#8216;ei&#8217;<br \/>\n16. Tweeklank &#8216;ij&#8217;<br \/>\n17. Tweeklank &#8216;ui&#8217;<br \/>\n18. Woorden met \u00e9\u00e9n medeklinker vooraan eindigend op klinker of tweeklank<br \/>\n19. Woorden met \u00e9\u00e9n klinker of tweeklank vooraan en \u00e9\u00e9n medeklinker achteraan<br \/>\n20. Woorden met \u00e9\u00e9n medeklinker vooraan en achteraan\n\n21. Gedekte klinker &#8216;a&#8217; in gesloten lettergreep<br \/>\n22. Gedekte klinker &#8216;e&#8217; in gesloten lettergreep<br \/>\n23. Gedekte klinker &#8216;i&#8217; in gesloten lettergreep<br \/>\n24. Gedekte klinker &#8216;o&#8217; in gesloten lettergreep<br \/>\n25. Gedekte klinker &#8216;u&#8217; in gesloten lettergreep<br \/>\n26. Vrije klinker &#8216;aa&#8217; in gesloten lettergreep<br \/>\n27. Vrije klinker &#8216;ee&#8217; in gesloten lettergreep<br \/>\n28. Vrije klinker &#8216;oo&#8217; in gesloten lettergreep<br \/>\n29. Vrije klinker &#8216;uu&#8217; in gesloten lettergreep<br \/>\n30. Vrije klinker &#8216;ie&#8217; in gesloten lettergreep<br \/>\n31. Vrije klinker &#8216;oe&#8217; in gesloten lettergreep<br \/>\n32. Vrije klinker &#8216;eu&#8217; in gesloten lettergreep<br \/>\n33. &#8216;ie&#8217; in open lettergreep<br \/>\n34. &#8216;oe&#8217; in open lettergreep<br \/>\n35. &#8216;eu&#8217; in open lettergreep<br \/>\n36. Vrije klinker &#8216;a-&#8216; in een open lettergreep<br \/>\n37. Vrije klinker &#8216;e-&#8216; in een open lettergreep<br \/>\n38. Vrije klinker &#8216;o-&#8216; in een open lettergreep<br \/>\n39. Vrije klinker &#8216;u-&#8216; in een open lettergreep<br \/>\n40. a en o en u op het einde van een woord<br \/>\n41. &#8216;ee&#8217; aan het einde van een woord of een lettergreep<br \/>\n42. De doffe klinker in een onbeklemtoonde lettergreep<br \/>\n43. Voorvoegsels be-, ge- en ver-<br \/>\n44. Tweeklank &#8216;ei&#8217;<br \/>\n45. Tweeklank &#8216;ij&#8217;<br \/>\n46. Tweeklank &#8216;ui&#8217;<br \/>\n47. Tweeklank &#8216;aai&#8217;<br \/>\n48. Tweeklank &#8216;oei&#8217;<br \/>\n49. Tweeklank &#8216;ooi&#8217;<br \/>\n50. Tweeklank &#8216;eeuw&#8217;<br \/>\n51. Tweeklank &#8216;ieuw&#8217;<br \/>\n52. Tweeklank &#8216;ou&#8217;<br \/>\n53. Tweeklank &#8216;au&#8217;<br \/>\n54. Tweeklanken gevolgd door een doffe lettergreep<br \/>\n55. Woorden met \u00e9\u00e9n medeklinker vooraan eindigend op klinker of tweeklank<br \/>\n56. Woorden met twee medeklinkers vooraan en eindigend op klinker of tweeklank<br \/>\n57. Woorden met \u00e9\u00e9n klinker of tweeklank vooraan en meer medeklinkers achteraan<br \/>\n58. Woorden met \u00e9\u00e9n medeklinker vooraan en achteraan<br \/>\n59. Woorden met 2 medeklinkers vooraan en \u00e9\u00e9n achteraan<br \/>\n60. Woorden met 3 medeklinkers vooraan en \u00e9\u00e9n achteraan<br \/>\n61. Woorden met \u00e9\u00e9n medeklinker vooraan en 2 achteraan<br \/>\n62. Woorden met \u00e9\u00e9n medeklinker vooraan en meer achteraan<br \/>\n63. Woorden met 2 medeklinkers vooraan en 2 achteraan<br \/>\n64. Woorden met &#8216;sch-&#8216; of &#8216;schr-&#8216;<br \/>\n65. Woorden met &#8216;-ch-&#8216;<br \/>\n66. Woorden met &#8216;d&#8217; achteraan<br \/>\n67. Woorden met &#8216;g&#8217; achteraan<br \/>\n68. Woorden met &#8216;-ng&#8217;<br \/>\n69. Woorden met &#8216;-nk&#8217;<br \/>\n70. Verdubbeling van de medeklinker<br \/>\n71. Woorden met een &#8216;-n&#8217; aan het einde van een doffe lettergreep\n\n72. Gedekte klinker &#8216;a&#8217; in gesloten lettergreep<br \/>\n73. Gedekte klinker &#8216;e&#8217; in gesloten lettergreep<br \/>\n74. Gedekte klinker &#8216;i&#8217; in gesloten lettergreep<br \/>\n75. Gedekte klinker &#8216;o&#8217; in gesloten lettergreep<br \/>\n76. Gedekte klinker &#8216;u&#8217; in gesloten lettergreep<br \/>\n77. Vrije klinker &#8216;aa&#8217; in gesloten lettergreep<br \/>\n78. Vrije klinker &#8216;ee&#8217; in gesloten lettergreep<br \/>\n79. Vrije klinker &#8216;oo&#8217; in gesloten lettergreep<br \/>\n80. Vrije klinker &#8216;oe&#8217; in gesloten lettergreep<br \/>\n81. Vrije klinker &#8216;ie&#8217; in gesloten lettergreep<br \/>\n82. Vrije klinker &#8216;ee&#8217; aan het einde van een lettergreep<br \/>\n83. Woorden met een onbeklemtoonde lettergreep<br \/>\n84. De doffe klinker in voorvoegsels: be- , ge-, ver-<br \/>\n85. Tweeklank ei<br \/>\n86. Tweeklank ij<br \/>\n87. Tweeklank ui<br \/>\n88. Tweeklanken aai, oei, ooi, eeuw en ieuw<br \/>\n89. Tweeklank ou<br \/>\n90. Tweeklank au<br \/>\n91. Tweeklanken gevolgd door een doffe lettergreep<br \/>\n92. Woorden met -ch bij het begin\/einde van een lettergreep<br \/>\n93. Woorden met -d achteraan of op het eind van een lettergreep<br \/>\n94. Woorden met -g achteraan of op het eind van een lettergreep<br \/>\n95. Woorden met -ng<br \/>\n96. Woorden met -nk\n\n97. Vrije klinker &#8216;a&#8217; in open lettergreep<br \/>\n98. Vrije klinker &#8216;e&#8217; in open lettergreep<br \/>\n99. Vrije klinker &#8216;o&#8217; in open lettergreep<br \/>\n100. Vrije klinker &#8216;u&#8217; in open en gesloten lettergreep<br \/>\n101. De doffe klinker: -eren, -elen, -enen<br \/>\n102. &#8216;a&#8217; in open lettergreep van oorspronkelijk vreemde woorden<br \/>\n103. vrije klinker voor -ch<br \/>\n104. Verkleinwoorden op -je(s)<br \/>\n105. Verkleinwoorden op -tje(s) en -pje(s)<br \/>\n106. Verdubbeling van de medeklinker na &#8216;a&#8217;<br \/>\n107. Verdubbeling van de medeklinker na &#8216;e&#8217;<br \/>\n108. Verdubbeling van de medeklinker na &#8216;i&#8217;<br \/>\n109. Verdubbeling van de medeklinker na &#8216;o&#8217;<br \/>\n110. Verdubbeling van de medeklinker na &#8216;u&#8217;<br \/>\n111. Woorden met een bijzondere uitspraak\n\n112. Vrije klinker &#8216;a&#8217; in open lettergreep<br \/>\n113. Vrije klinker &#8216;e&#8217; in open lettergreep<br \/>\n114. Vrije klinker &#8216;o&#8217; in open lettergreep<br \/>\n115. Verdubbeling van de medeklinker na &#8216;a&#8217;,&#8217;e&#8217;, &#8216;i&#8217;, &#8216;o&#8217; en &#8216;u&#8217;<br \/>\n116. De doffe klinker in achtervoegsels: -ig, -ige, -erig(e) en elig(e)<br \/>\n117. De doffe klinker in achtervoegsels: -(e)lijk, (e)lijke<br \/>\n118. De doffe klinker in frequente woorden op -em, op -ik, op -is, op -ond<br \/>\n119. Dubbele medeklinker in samenstellingen\n\n120. Woorden met een gedekte klinker in een gesloten lettergreep<br \/>\n121. Woorden met een vrije klinker in een gesloten lettergreep<br \/>\n122. Woorden met ie, oe en eu in open lettergreep<br \/>\n123. Vrije klinker in een open lettergreep: -a<br \/>\n124. Vrije klinker in een open lettergreep -e<br \/>\n125. Vrije klinker in een open lettergreep -o<br \/>\n126. Vrije klinker in een open lettergreep -u<br \/>\n127. &#8216;ee&#8217; aan het einde van een woord<br \/>\n128. Doffe klinker -eren, -elen, -enen<br \/>\n129. Doffe klinker -ig, -ige<br \/>\n130. Doffe klinker -(e)lijk, -(e)lijke<br \/>\n131. &#8216;a&#8217; in open lettergreep van oorspronkelijk vreemde woorden<br \/>\n132. Tweeklank ei<br \/>\n133. Tweeklank ij<br \/>\n134. Tweeklank ui<br \/>\n135. Tweeklanken aai, ooi, oei, ieuw en eeuw<br \/>\n136. Tweeklanken au en ou<br \/>\n137. Tweeklanken gevolgd door een doffe lettergreep<br \/>\n138. Woorden met ch<br \/>\n139. Woorden met d achteraan<br \/>\n140. Woorden met -ng<br \/>\n141. Woorden met -nk<br \/>\n142. Verdubbeling van de medeklinker na &#8216;a&#8217; , &#8216;e&#8217;, &#8216;i&#8217;, &#8216;o&#8217; en &#8216;u&#8217;<br \/>\n143. Dubbele medeklinker in samenstellingen\n\n144. Vrije klinker ee als \u00e9<br \/>\n145. Vrije klinker ie als i geschreven in woorden zoals: fabrikant<br \/>\n146. Vrije klinker ie als i geschreven in woorden zoals: radio<br \/>\n147. Vrije klinker ie als i geschreven in woorden zoals: materiaal<br \/>\n148. Vrije klinker ie als i geschreven in woorden zoals: Belgisch<br \/>\n149. Vrije klinker i als ij in: bijzonder<br \/>\n150. Medeklinkercombinaties in moeilijke woorden<br \/>\n151. Het achtervoegsel -heid : waarheid<br \/>\n152. Het achtervoegsel -teit : kwaliteit<br \/>\n153. Woorden uitgesproken met s als t geschreven in -ti: station<br \/>\n154. Woorden uitgesproken met s als t geschreven in -tie: politie<br \/>\n155. Woorden uitgesproken met s geschreven als c : centiem<br \/>\n156. Woorden uitgesproken met k, geschreven als c : speculaas<br \/>\n157. Woorden met tweemaal een c, eenmaal uitgesproken als s, de andere keer als k : circus<br \/>\n158. Woorden uit het Engels<br \/>\n159. Woorden uit het Frans<br \/>\n160. Woorden met een bijzondere uitspraak: markt<br \/>\n161. Woorden met th: theater<br \/>\n162. Woorden met een weglatingsteken aan het begin van een woord: &#8217;s ochtends<br \/>\n163. Woorden op een vrije klinker -a, -i, -o, -u, -y waaraan &#8217;s wordt toegevoegd: opa&#8217;s<br \/>\n164. Woorden met een koppelteken in samenstellingen van aardrijkskundige namen en hun afleidingen<br \/>\n165. Woorden met een deelteken zoals knie\u00ebn<br \/>\n166. Woorden met een deelteken zoals fee\u00ebn<br \/>\n167. Woorden met een deelteken zoals Belgi\u00eb\n\n168. Vrije klinker ie als i geschreven in woorden zoals: fabrikant<br \/>\n169. Woorden uitgesproken met k, geschreven als c : speculaas<br \/>\n170. Vrije klinker ee als -ai: trainen<br \/>\n171. Vrije klinker o als -eau: bureaus<br \/>\n172. Vrije klinker in woorden met -ueel<br \/>\n173. Vrije klinker ie als i geschreven in woorden zoals serieus<br \/>\n174. Vrije klinker i als y geschreven in woorden zoals baby<br \/>\n175. Vrije klinker oe als ou zoals in journalist<br \/>\n176. Vrije klinker in woorden met ai: militair<br \/>\n177. Tweeklanken in vreemde woorden: clown<br \/>\n178. Woorden uitgesproken met ks, geschreven als cc: succes<br \/>\n179. Woorden uitgesproken met k(w), geschreven als qu : aquarium<br \/>\n180. Woorden uitgesproken met ks, geschreven als x: examen<br \/>\n181. Woorden met sj, geschreven als ch : chef<br \/>\n182. Woorden met sj, geschreven als g : bagage<br \/>\n183. Woorden met sj, geschreven met j : journaal<br \/>\n184. Woorden met sz : enigszins\n\n\n185. Woordpakket 1<br \/>\n186. Woordpakket 2<br \/>\n187. Woordpakket 3<br \/>\n188. Woordpakket 4<br \/>\n189. Woordpakket 5<br \/>\n190. Woordpakket 6<br \/>\n191. Woordpakket 7<br \/>\n192. Woordpakket 8<br \/>\n193. Woordpakket 9<br \/>\n194. Woordpakket 10<br \/>\n195. Woordpakket 11<br \/>\n196. Woordpakket 12<br \/>\n197. Woordpakket 13<br \/>\n198. Woordpakket 14<br \/>\n199. Woordpakket 15<br \/>\n200. Woordpakket 16<br \/>\n201. Woordpakket 17<br \/>\n202. Woordpakket 18<br \/>\n203. Woordpakket 19<br \/>\n204. Woordpakket 20<br \/>\n205. Woordpakket 21<br \/>\n206. Woordpakket 22<br \/>\n207. Woordpakket 23<br \/>\n208. Woordpakket 24<br \/>\n209. Woordpakket 25<br \/>\n210. Woordpakket 26<br \/>\n211. Woordpakket 27<br \/>\n212. Woordpakket 28<br \/>\n213. Woordpakket 29<br \/>\n214. Woordpakket 30\n\n215. Woordpakket 1<br \/>\n216. Woordpakket 2<br \/>\n217. Woordpakket 3<br \/>\n218. Woordpakket 4<br \/>\n219. Woordpakket 5<br \/>\n220. Woordpakket 6<br \/>\n221. Woordpakket 7<br \/>\n222. Woordpakket 8<br \/>\n223. Woordpakket 9<br \/>\n224. Woordpakket 10<br \/>\n225. Woordpakket 11<br \/>\n226. Woordpakket 12<br \/>\n227. Woordpakket 13<br \/>\n228. Woordpakket 14<br \/>\n229. Woordpakket 15<br \/>\n230. Woordpakket 16<br \/>\n231. Woordpakket 17<br \/>\n232. Woordpakket 18<br \/>\n233. Woordpakket 19<br \/>\n234. Woordpakket 20<br \/>\n235. Woordpakket 21<br \/>\n236. Woordpakket 22<br \/>\n237. Woordpakket 23<br \/>\n238. Woordpakket 24<br \/>\n239. Woordpakket 25<br \/>\n240. Woordpakket 26<br \/>\n241. Woordpakket 27<br \/>\n242. Woordpakket 28<br \/>\n243. Woordpakket 29<br \/>\n244. Woordpakket 30\n\n245. Woordpakket 1<br \/>\n246. Woordpakket 2<br \/>\n247. Woordpakket 3<br \/>\n248. Woordpakket 4<br \/>\n249. Woordpakket 5<br \/>\n250. Woordpakket 6<br \/>\n251. Woordpakket 7<br \/>\n252. Woordpakket 8<br \/>\n253. Woordpakket 9<br \/>\n254. Woordpakket 10<br \/>\n255. Woordpakket 11<br \/>\n256. Woordpakket 12<br \/>\n257. Woordpakket 13<br \/>\n258. Woordpakket 14<br \/>\n259. Woordpakket 15<br \/>\n260. Woordpakket 16<br \/>\n261. Woordpakket 17<br \/>\n262. Woordpakket 18<br \/>\n263. Woordpakket 19<br \/>\n264. Woordpakket 20<br \/>\n265. Woordpakket 21<br \/>\n266. Woordpakket 22<br \/>\n267. Woordpakket 23<br \/>\n268. Woordpakket 24<br \/>\n269. Woordpakket 25<br \/>\n270. Woordpakket 26<br \/>\n271. Woordpakket 27<br \/>\n272. Woordpakket 28<br \/>\n273. Woordpakket 29<br \/>\n274. Woordpakket 30\n\n275. Woordpakket 1<br \/>\n276. Woordpakket 2<br \/>\n277. Woordpakket 3<br \/>\n278. Woordpakket 4<br \/>\n279. Woordpakket 5<br \/>\n280. Woordpakket 6<br \/>\n281. Woordpakket 7<br \/>\n282. Woordpakket 8<br \/>\n283. Woordpakket 9<br \/>\n284. Woordpakket 10<br \/>\n285. Woordpakket 11<br \/>\n286. Woordpakket 12<br \/>\n287. Woordpakket 13<br \/>\n288. Woordpakket 14<br \/>\n289. Woordpakket 15<br \/>\n290. Woordpakket 16<br \/>\n291. Woordpakket 17<br \/>\n292. Woordpakket 18<br \/>\n293. Woordpakket 19<br \/>\n294. Woordpakket 20<br \/>\n295. Woordpakket 21<br \/>\n296. Woordpakket 22<br \/>\n297. Woordpakket 23<br \/>\n298. Woordpakket 24\n\n299. Woordpakket 1<br \/>\n300. Woordpakket 2<br \/>\n301. Woordpakket 3<br \/>\n302. Woordpakket 4<br \/>\n303. Woordpakket 5<br \/>\n304. Woordpakket 6<br \/>\n305. Woordpakket 7<br \/>\n306. Woordpakket 8<br \/>\n307. Woordpakket 9<br \/>\n308. Woordpakket 10<br \/>\n309. Woordpakket 11<br \/>\n310. Woordpakket 12<br \/>\n311. Woordpakket 13<br \/>\n312. Woordpakket 14<br \/>\n313. Woordpakket 15<br \/>\n314. Woordpakket 16\n\t<h5>\n\t\t\t\t\tLinks\n\t\t\t\t<\/h5>\n\t\t\t\t\t\n\t\t\t\t<img loading=\"lazy\" src=\"http:\/\/edubits.eu\/digitee\/wp-content\/uploads\/2020\/11\/triangel_gr-150x137.png\" alt=\"triangel_gr\" itemprop=\"image\" height=\"137\" width=\"150\" title=\"triangel_gr\" onerror=\"this.style.display='none'\"  \/>\n\t<em>Edu(cre)atieve software en ondersteuning<\/em><br \/>\n<a href=\"http:\/\/www.triangel.be\" target=\"_blank\" rel=\"noopener noreferrer\"><strong>www.triangel.be<\/strong><\/a>\n\t<h5>\n\t\t\t\t\tContact\n\t\t\t\t<\/h5>\n\t<ul>\n\t\t<li>\t\t\t\t\n\t\t<\/li><li>\t\t\t\t\n\t\t<\/li><li>\t\t\t\t\n\t\t<\/li>\t<\/ul>\n\n","protected":false},"excerpt":{"rendered":"<p>Woordreeksen Alle woordpakketten kan je bekijken. Klik hiervoor op de rode links. 1. Gedekte klinker &#8216;a&#8217; in gesloten lettergreep 2. Gedekte klinker &#8216;e&#8217; in gesloten lettergreep 3. Gedekte klinker &#8216;i&#8217; in gesloten lettergreep 4. Gedekte klinker &#8216;o&#8217; in gesloten lettergreep 5. Gedekte klinker &#8216;u&#8217; in gesloten lettergreep 6. Vrije klinker &#8216;aa&#8217; in gesloten lettergreep 7. &hellip;<\/p>\n<p class=\"read-more\"> <a class=\"\" href=\"http:\/\/edubits.eu\/digitee\/woordreeksen\/\"> <span class=\"screen-reader-text\">Woordreeksen<\/span> Read More &raquo;<\/a><\/p>\n","protected":false},"author":1,"featured_media":0,"parent":0,"menu_order":0,"comment_status":"closed","ping_status":"closed","template":"templates\/builder-fullwidth-std.php","meta":{"_mi_skip_tracking":false},"tags":[],"_links":{"self":[{"href":"http:\/\/edubits.eu\/digitee\/wp-json\/wp\/v2\/pages\/20"}],"collection":[{"href":"http:\/\/edubits.eu\/digitee\/wp-json\/wp\/v2\/pages"}],"about":[{"href":"http:\/\/edubits.eu\/digitee\/wp-json\/wp\/v2\/types\/page"}],"author":[{"embeddable":true,"href":"http:\/\/edubits.eu\/digitee\/wp-json\/wp\/v2\/users\/1"}],"replies":[{"embeddable":true,"href":"http:\/\/edubits.eu\/digitee\/wp-json\/wp\/v2\/comments?post=20"}],"version-history":[{"count":5,"href":"http:\/\/edubits.eu\/digitee\/wp-json\/wp\/v2\/pages\/20\/revisions"}],"predecessor-version":[{"id":1334,"href":"http:\/\/edubits.eu\/digitee\/wp-json\/wp\/v2\/pages\/20\/revisions\/1334"}],"wp:attachment":[{"href":"http:\/\/edubits.eu\/digitee\/wp-json\/wp\/v2\/media?parent=20"}],"wp:term":[{"taxonomy":"post_tag","embeddable":true,"href":"http:\/\/edubits.eu\/digitee\/wp-json\/wp\/v2\/tags?post=20"}],"curies":[{"name":"wp","href":"https:\/\/api.w.org\/{rel}","templated":true}]}}